{"id":1022,"date":"2025-09-29T10:00:12","date_gmt":"2025-09-29T08:00:12","guid":{"rendered":"https:\/\/les-sillons-culturels.fr\/?page_id=1022"},"modified":"2025-09-29T10:14:36","modified_gmt":"2025-09-29T08:14:36","slug":"13-septembre-2025-rencontre-adherents","status":"publish","type":"page","link":"https:\/\/les-sillons-culturels.fr\/?page_id=1022","title":{"rendered":"13 septembre 2025 &#8211; Rencontre adh\u00e9rents"},"content":{"rendered":"\t\t<div data-elementor-type=\"wp-page\" data-elementor-id=\"1022\" class=\"elementor elementor-1022\">\n\t\t\t\t<div class=\"elementor-element elementor-element-f13dbfd e-grid e-con-boxed wpr-particle-no wpr-jarallax-no wpr-parallax-no wpr-sticky-section-no e-con e-parent\" data-id=\"f13dbfd\" data-element_type=\"container\">\n\t\t\t\t\t<div class=\"e-con-inner\">\n\t\t\t\t<div class=\"elementor-element elementor-element-9736f2f elementor-widget elementor-widget-image\" data-id=\"9736f2f\" data-element_type=\"widget\" data-widget_type=\"image.default\">\n\t\t\t\t<div class=\"elementor-widget-container\">\n\t\t\t\t\t\t\t\t\t\t\t\t\t\t\t<img fetchpriority=\"high\" decoding=\"async\" width=\"225\" height=\"225\" src=\"https:\/\/les-sillons-culturels.fr\/wp-content\/uploads\/reunion.jpeg\" class=\"attachment-large size-large wp-image-1028\" alt=\"\" srcset=\"https:\/\/les-sillons-culturels.fr\/wp-content\/uploads\/reunion.jpeg 225w, https:\/\/les-sillons-culturels.fr\/wp-content\/uploads\/reunion-150x150.jpeg 150w\" sizes=\"(max-width: 225px) 100vw, 225px\" \/>\t\t\t\t\t\t\t\t\t\t\t\t\t\t\t<\/div>\n\t\t\t\t<\/div>\n\t\t\t\t<div class=\"elementor-element elementor-element-3d95e99 elementor-widget elementor-widget-text-editor\" data-id=\"3d95e99\" data-element_type=\"widget\" data-widget_type=\"text-editor.default\">\n\t\t\t\t<div class=\"elementor-widget-container\">\n\t\t\t\t\t\t\t\t\t<p>Environ 25 adh\u00e9rents ont \u00e9t\u00e9 pr\u00e9sent lors de cette premier rencontre entre les personnes adh\u00e9rents a l&rsquo;association. l&rsquo;invitation a cette rencontre avez pour but:<\/p><ol><li>\u00a0de pr\u00e9senter les diff\u00e9rentes actions d\u00e9j\u00e0 men\u00e9es par l\u2019association.<\/li><li>d&rsquo;\u00e9couter les proposition quant \u00e0 l\u2019\u00e9volution des projets de l\u2019association. Le but \u00e9tant d\u2019int\u00e9grer les r\u00e9flexions dans le d\u00e9veloppement futur de l\u2019association.<\/li><\/ol><p>Pour cl\u00f4turer la soir\u00e9e un repas convivial \u00e0 \u00e9t\u00e9 organiser auxquelles chaque personne avez amener une entr\u00e9e ou un dessert \u00e0 partager avec les autres participants, l\u2019association \u00e0 offert les boissons.<\/p>\t\t\t\t\t\t\t\t<\/div>\n\t\t\t\t<\/div>\n\t\t\t\t\t<\/div>\n\t\t\t\t<\/div>\n\t\t\t\t<\/div>\n\t\t","protected":false},"excerpt":{"rendered":"<p>Environ 25 adh\u00e9rents ont \u00e9t\u00e9 pr\u00e9sent lors de cette premier rencontre entre les personnes adh\u00e9rents a l&rsquo;association. l&rsquo;invitation a cette rencontre avez pour but: \u00a0de pr\u00e9senter les diff\u00e9rentes actions d\u00e9j\u00e0 men\u00e9es par l\u2019association. d&rsquo;\u00e9couter les proposition quant \u00e0 l\u2019\u00e9volution des projets de l\u2019association. Le but \u00e9tant d\u2019int\u00e9grer les r\u00e9flexions dans le d\u00e9veloppement futur de l\u2019association. Pour cl\u00f4turer la soir\u00e9e un repas convivial \u00e0 \u00e9t\u00e9 organiser auxquelles chaque personne avez amener une entr\u00e9e ou un dessert \u00e0 partager avec les autres participants, l\u2019association \u00e0 offert les boissons.<\/p>\n","protected":false},"author":1,"featured_media":0,"parent":0,"menu_order":0,"comment_status":"closed","ping_status":"closed","template":"elementor_header_footer","meta":{"ocean_post_layout":"","ocean_both_sidebars_style":"","ocean_both_sidebars_content_width":0,"ocean_both_sidebars_sidebars_width":0,"ocean_sidebar":"","ocean_second_sidebar":"","ocean_disable_margins":"enable","ocean_add_body_class":"","ocean_shortcode_before_top_bar":"","ocean_shortcode_after_top_bar":"","ocean_shortcode_before_header":"","ocean_shortcode_after_header":"","ocean_has_shortcode":"","ocean_shortcode_after_title":"","ocean_shortcode_before_footer_widgets":"","ocean_shortcode_after_footer_widgets":"","ocean_shortcode_before_footer_bottom":"","ocean_shortcode_after_footer_bottom":"","ocean_display_top_bar":"default","ocean_display_header":"default","ocean_header_style":"","ocean_center_header_left_menu":"","ocean_custom_header_template":"","ocean_custom_logo":0,"ocean_custom_retina_logo":0,"ocean_custom_logo_max_width":0,"ocean_custom_logo_tablet_max_width":0,"ocean_custom_logo_mobile_max_width":0,"ocean_custom_logo_max_height":0,"ocean_custom_logo_tablet_max_height":0,"ocean_custom_logo_mobile_max_height":0,"ocean_header_custom_menu":"","ocean_menu_typo_font_family":"","ocean_menu_typo_font_subset":"","ocean_menu_typo_font_size":0,"ocean_menu_typo_font_size_tablet":0,"ocean_menu_typo_font_size_mobile":0,"ocean_menu_typo_font_size_unit":"px","ocean_menu_typo_font_weight":"","ocean_menu_typo_font_weight_tablet":"","ocean_menu_typo_font_weight_mobile":"","ocean_menu_typo_transform":"","ocean_menu_typo_transform_tablet":"","ocean_menu_typo_transform_mobile":"","ocean_menu_typo_line_height":0,"ocean_menu_typo_line_height_tablet":0,"ocean_menu_typo_line_height_mobile":0,"ocean_menu_typo_line_height_unit":"","ocean_menu_typo_spacing":0,"ocean_menu_typo_spacing_tablet":0,"ocean_menu_typo_spacing_mobile":0,"ocean_menu_typo_spacing_unit":"","ocean_menu_link_color":"","ocean_menu_link_color_hover":"","ocean_menu_link_color_active":"","ocean_menu_link_background":"","ocean_menu_link_hover_background":"","ocean_menu_link_active_background":"","ocean_menu_social_links_bg":"","ocean_menu_social_hover_links_bg":"","ocean_menu_social_links_color":"","ocean_menu_social_hover_links_color":"","ocean_disable_title":"default","ocean_disable_heading":"default","ocean_post_title":"","ocean_post_subheading":"","ocean_post_title_style":"","ocean_post_title_background_color":"","ocean_post_title_background":0,"ocean_post_title_bg_image_position":"","ocean_post_title_bg_image_attachment":"","ocean_post_title_bg_image_repeat":"","ocean_post_title_bg_image_size":"","ocean_post_title_height":0,"ocean_post_title_bg_overlay":0.5,"ocean_post_title_bg_overlay_color":"","ocean_disable_breadcrumbs":"default","ocean_breadcrumbs_color":"","ocean_breadcrumbs_separator_color":"","ocean_breadcrumbs_links_color":"","ocean_breadcrumbs_links_hover_color":"","ocean_display_footer_widgets":"default","ocean_display_footer_bottom":"default","ocean_custom_footer_template":"","footnotes":""},"class_list":["post-1022","page","type-page","status-publish","hentry","entry"],"_links":{"self":[{"href":"https:\/\/les-sillons-culturels.fr\/index.php?rest_route=\/wp\/v2\/pages\/1022","targetHints":{"allow":["GET"]}}],"collection":[{"href":"https:\/\/les-sillons-culturels.fr\/index.php?rest_route=\/wp\/v2\/pages"}],"about":[{"href":"https:\/\/les-sillons-culturels.fr\/index.php?rest_route=\/wp\/v2\/types\/page"}],"author":[{"embeddable":true,"href":"https:\/\/les-sillons-culturels.fr\/index.php?rest_route=\/wp\/v2\/users\/1"}],"replies":[{"embeddable":true,"href":"https:\/\/les-sillons-culturels.fr\/index.php?rest_route=%2Fwp%2Fv2%2Fcomments&post=1022"}],"version-history":[{"count":7,"href":"https:\/\/les-sillons-culturels.fr\/index.php?rest_route=\/wp\/v2\/pages\/1022\/revisions"}],"predecessor-version":[{"id":1031,"href":"https:\/\/les-sillons-culturels.fr\/index.php?rest_route=\/wp\/v2\/pages\/1022\/revisions\/1031"}],"wp:attachment":[{"href":"https:\/\/les-sillons-culturels.fr\/index.php?rest_route=%2Fwp%2Fv2%2Fmedia&parent=1022"}],"curies":[{"name":"wp","href":"https:\/\/api.w.org\/{rel}","templated":true}]}}