{"id":171,"date":"2016-10-30T12:40:41","date_gmt":"2016-10-30T12:40:41","guid":{"rendered":"https:\/\/oceanwp.org\/travel\/?page_id=171"},"modified":"2026-03-14T15:18:39","modified_gmt":"2026-03-14T14:18:39","slug":"home","status":"publish","type":"page","link":"https:\/\/les-sillons-culturels.fr\/","title":{"rendered":"Home"},"content":{"rendered":"\t\t<div data-elementor-type=\"wp-post\" data-elementor-id=\"171\" class=\"elementor elementor-171\">\n\t\t\t\t<div class=\"elementor-element elementor-element-7a99071 e-flex e-con-boxed wpr-particle-no wpr-jarallax-no wpr-parallax-no wpr-sticky-section-no e-con e-parent\" data-id=\"7a99071\" data-element_type=\"container\">\n\t\t\t\t\t<div class=\"e-con-inner\">\n\t\t\t\t<div class=\"elementor-element elementor-element-36cf9fe elementor-widget elementor-widget-heading\" data-id=\"36cf9fe\" data-element_type=\"widget\" data-widget_type=\"heading.default\">\n\t\t\t\t<div class=\"elementor-widget-container\">\n\t\t\t\t\t<h2 class=\"elementor-heading-title elementor-size-default\">Bar en Sc\u00e8ne \u2013 Information pour le mois d\u2019avril<\/h2>\t\t\t\t<\/div>\n\t\t\t\t<\/div>\n\t\t\t\t\t<\/div>\n\t\t\t\t<\/div>\n\t\t<div class=\"elementor-element elementor-element-a03f55c e-flex e-con-boxed wpr-particle-no wpr-jarallax-no wpr-parallax-no wpr-sticky-section-no e-con e-parent\" data-id=\"a03f55c\" data-element_type=\"container\">\n\t\t\t\t\t<div class=\"e-con-inner\">\n\t\t\t\t<div class=\"elementor-element elementor-element-c22e901 elementor-widget elementor-widget-text-editor\" data-id=\"c22e901\" data-element_type=\"widget\" data-widget_type=\"text-editor.default\">\n\t\t\t\t<div class=\"elementor-widget-container\">\n\t\t\t\t\t\t\t\t\t<p>Nous souhaitons vous informer qu\u2019il n\u2019y aura pas de soir\u00e9e <em>Bar en Sc\u00e8ne<\/em> au mois d\u2019avril, contrairement \u00e0 notre rythme habituel d\u2019un \u00e9v\u00e9nement par mois.<\/p><p>Plusieurs raisons expliquent cette pause :<\/p><ul><li><p>L\u2019incertitude concernant la disponibilit\u00e9 de la salle, en fonction des r\u00e9sultats des \u00e9lections municipales.<\/p><\/li><li><p>L\u2019organisation de notre Assembl\u00e9e G\u00e9n\u00e9rale, au cours de laquelle le Bureau de l\u2019association pourrait \u00eatre renouvel\u00e9.<\/p><\/li><li><p>La difficult\u00e9 de mettre en place un \u00e9v\u00e9nement en p\u00e9riode \u00e9lectorale, p\u00e9riode durant laquelle nous ne sommes pas pleinement disponibles pour l\u2019association.<\/p><\/li><\/ul><p>Nous reviendrons vers vous d\u00e8s que la situation \u00e9voluera.<\/p><p>Nous esp\u00e9rons sinc\u00e8rement pouvoir vous proposer \u00e0 nouveau nos soir\u00e9es <em>Bar en Sc\u00e8ne<\/em>, ainsi que d\u00e9velopper d\u2019autres actions culturelles telles que des conf\u00e9rences th\u00e9matiques, du cin\u00e9ma itin\u00e9rant, et bien plus encore.<\/p>\t\t\t\t\t\t\t\t<\/div>\n\t\t\t\t<\/div>\n\t\t\t\t\t<\/div>\n\t\t\t\t<\/div>\n\t\t\t\t<\/div>\n\t\t","protected":false},"excerpt":{"rendered":"<p>Bar en Sc\u00e8ne \u2013 Information pour le mois d\u2019avril Nous souhaitons vous informer qu\u2019il n\u2019y aura pas de soir\u00e9e Bar en Sc\u00e8ne au mois d\u2019avril, contrairement \u00e0 notre rythme habituel d\u2019un \u00e9v\u00e9nement par mois. Plusieurs raisons expliquent cette pause : L\u2019incertitude concernant la disponibilit\u00e9 de la salle, en fonction des r\u00e9sultats des \u00e9lections municipales. L\u2019organisation de notre Assembl\u00e9e G\u00e9n\u00e9rale, au cours de laquelle le Bureau de l\u2019association pourrait \u00eatre renouvel\u00e9. La difficult\u00e9 de mettre en place un \u00e9v\u00e9nement en p\u00e9riode \u00e9lectorale, p\u00e9riode durant laquelle nous ne sommes pas pleinement disponibles pour l\u2019association. Nous reviendrons vers vous d\u00e8s que la situation \u00e9voluera. Nous esp\u00e9rons sinc\u00e8rement pouvoir vous proposer \u00e0 nouveau nos soir\u00e9es Bar en Sc\u00e8ne, ainsi que d\u00e9velopper d\u2019autres actions culturelles telles que des conf\u00e9rences th\u00e9matiques, du cin\u00e9ma itin\u00e9rant, et bien plus encore.<\/p>\n","protected":false},"author":1,"featured_media":0,"parent":0,"menu_order":0,"comment_status":"closed","ping_status":"closed","template":"","meta":{"ocean_post_layout":"full-screen","ocean_both_sidebars_style":"","ocean_both_sidebars_content_width":0,"ocean_both_sidebars_sidebars_width":0,"ocean_sidebar":"","ocean_second_sidebar":"","ocean_disable_margins":"on","ocean_add_body_class":"","ocean_shortcode_before_top_bar":"","ocean_shortcode_after_top_bar":"","ocean_shortcode_before_header":"","ocean_shortcode_after_header":"","ocean_has_shortcode":"","ocean_shortcode_after_title":"","ocean_shortcode_before_footer_widgets":"","ocean_shortcode_after_footer_widgets":"","ocean_shortcode_before_footer_bottom":"","ocean_shortcode_after_footer_bottom":"","ocean_display_top_bar":"default","ocean_display_header":"default","ocean_header_style":"","ocean_center_header_left_menu":"","ocean_custom_header_template":"","ocean_custom_logo":0,"ocean_custom_retina_logo":0,"ocean_custom_logo_max_width":0,"ocean_custom_logo_tablet_max_width":0,"ocean_custom_logo_mobile_max_width":0,"ocean_custom_logo_max_height":0,"ocean_custom_logo_tablet_max_height":0,"ocean_custom_logo_mobile_max_height":0,"ocean_header_custom_menu":"","ocean_menu_typo_font_family":"","ocean_menu_typo_font_subset":"","ocean_menu_typo_font_size":0,"ocean_menu_typo_font_size_tablet":0,"ocean_menu_typo_font_size_mobile":0,"ocean_menu_typo_font_size_unit":"px","ocean_menu_typo_font_weight":"","ocean_menu_typo_font_weight_tablet":"","ocean_menu_typo_font_weight_mobile":"","ocean_menu_typo_transform":"","ocean_menu_typo_transform_tablet":"","ocean_menu_typo_transform_mobile":"","ocean_menu_typo_line_height":0,"ocean_menu_typo_line_height_tablet":0,"ocean_menu_typo_line_height_mobile":0,"ocean_menu_typo_line_height_unit":"","ocean_menu_typo_spacing":0,"ocean_menu_typo_spacing_tablet":0,"ocean_menu_typo_spacing_mobile":0,"ocean_menu_typo_spacing_unit":"","ocean_menu_link_color":"","ocean_menu_link_color_hover":"","ocean_menu_link_color_active":"","ocean_menu_link_background":"","ocean_menu_link_hover_background":"","ocean_menu_link_active_background":"","ocean_menu_social_links_bg":"","ocean_menu_social_hover_links_bg":"","ocean_menu_social_links_color":"","ocean_menu_social_hover_links_color":"","ocean_disable_title":"on","ocean_disable_heading":"default","ocean_post_title":"","ocean_post_subheading":"","ocean_post_title_style":"","ocean_post_title_background_color":"","ocean_post_title_background":0,"ocean_post_title_bg_image_position":"","ocean_post_title_bg_image_attachment":"","ocean_post_title_bg_image_repeat":"","ocean_post_title_bg_image_size":"","ocean_post_title_height":0,"ocean_post_title_bg_overlay":0.5,"ocean_post_title_bg_overlay_color":"","ocean_disable_breadcrumbs":"default","ocean_breadcrumbs_color":"","ocean_breadcrumbs_separator_color":"","ocean_breadcrumbs_links_color":"","ocean_breadcrumbs_links_hover_color":"","ocean_display_footer_widgets":"default","ocean_display_footer_bottom":"default","ocean_custom_footer_template":"","footnotes":""},"class_list":["post-171","page","type-page","status-publish","hentry","entry"],"_links":{"self":[{"href":"https:\/\/les-sillons-culturels.fr\/index.php?rest_route=\/wp\/v2\/pages\/171","targetHints":{"allow":["GET"]}}],"collection":[{"href":"https:\/\/les-sillons-culturels.fr\/index.php?rest_route=\/wp\/v2\/pages"}],"about":[{"href":"https:\/\/les-sillons-culturels.fr\/index.php?rest_route=\/wp\/v2\/types\/page"}],"author":[{"embeddable":true,"href":"https:\/\/les-sillons-culturels.fr\/index.php?rest_route=\/wp\/v2\/users\/1"}],"replies":[{"embeddable":true,"href":"https:\/\/les-sillons-culturels.fr\/index.php?rest_route=%2Fwp%2Fv2%2Fcomments&post=171"}],"version-history":[{"count":234,"href":"https:\/\/les-sillons-culturels.fr\/index.php?rest_route=\/wp\/v2\/pages\/171\/revisions"}],"predecessor-version":[{"id":1299,"href":"https:\/\/les-sillons-culturels.fr\/index.php?rest_route=\/wp\/v2\/pages\/171\/revisions\/1299"}],"wp:attachment":[{"href":"https:\/\/les-sillons-culturels.fr\/index.php?rest_route=%2Fwp%2Fv2%2Fmedia&parent=171"}],"curies":[{"name":"wp","href":"https:\/\/api.w.org\/{rel}","templated":true}]}}