{"id":419,"date":"2025-02-14T00:24:21","date_gmt":"2025-02-13T23:24:21","guid":{"rendered":"https:\/\/les-sillons-culturels.fr\/?page_id=419"},"modified":"2025-10-19T15:54:19","modified_gmt":"2025-10-19T13:54:19","slug":"lassociation","status":"publish","type":"page","link":"https:\/\/les-sillons-culturels.fr\/?page_id=419","title":{"rendered":"L&rsquo;association"},"content":{"rendered":"\t\t<div data-elementor-type=\"wp-page\" data-elementor-id=\"419\" class=\"elementor elementor-419\">\n\t\t\t\t<div class=\"elementor-element elementor-element-a14de63 e-flex e-con-boxed wpr-particle-no wpr-jarallax-no wpr-parallax-no wpr-sticky-section-no e-con e-parent\" data-id=\"a14de63\" data-element_type=\"container\">\n\t\t\t\t\t<div class=\"e-con-inner\">\n\t\t\t\t<div class=\"elementor-element elementor-element-17c14b0 elementor-widget elementor-widget-heading\" data-id=\"17c14b0\" data-element_type=\"widget\" data-widget_type=\"heading.default\">\n\t\t\t\t<div class=\"elementor-widget-container\">\n\t\t\t\t\t<h2 class=\"elementor-heading-title elementor-size-default\">Naissance<\/h2>\t\t\t\t<\/div>\n\t\t\t\t<\/div>\n\t\t\t\t\t<\/div>\n\t\t\t\t<\/div>\n\t\t<div class=\"elementor-element elementor-element-513bb7c e-grid e-con-boxed wpr-particle-no wpr-jarallax-no wpr-parallax-no wpr-sticky-section-no e-con e-parent\" data-id=\"513bb7c\" data-element_type=\"container\">\n\t\t\t\t\t<div class=\"e-con-inner\">\n\t\t\t\t<div class=\"elementor-element elementor-element-dd3e242 elementor-widget elementor-widget-image\" data-id=\"dd3e242\" data-element_type=\"widget\" data-widget_type=\"image.default\">\n\t\t\t\t<div class=\"elementor-widget-container\">\n\t\t\t\t\t\t\t\t\t\t\t\t\t\t\t<img fetchpriority=\"high\" decoding=\"async\" width=\"313\" height=\"161\" src=\"https:\/\/les-sillons-culturels.fr\/wp-content\/uploads\/images.jpeg\" class=\"attachment-large size-large wp-image-479\" alt=\"\" srcset=\"https:\/\/les-sillons-culturels.fr\/wp-content\/uploads\/images.jpeg 313w, https:\/\/les-sillons-culturels.fr\/wp-content\/uploads\/images-300x154.jpeg 300w\" sizes=\"(max-width: 313px) 100vw, 313px\" \/>\t\t\t\t\t\t\t\t\t\t\t\t\t\t\t<\/div>\n\t\t\t\t<\/div>\n\t\t\t\t<div class=\"elementor-element elementor-element-599e3a1 elementor-widget elementor-widget-text-editor\" data-id=\"599e3a1\" data-element_type=\"widget\" data-widget_type=\"text-editor.default\">\n\t\t\t\t<div class=\"elementor-widget-container\">\n\t\t\t\t\t\t\t\t\t<p>Depuis plusieurs mois, nous, habitantes et habitants autour du village de Bussy la Pesle (Ni\u00e8vre) nous sommes r\u00e9unis avec l\u2019envie forte de faire \u00e9merger un mouvement culturel joyeux qui rassemble.<\/p><p>Notre d\u00e9marche vise \u00e0 dynamiser notre territoire par le biais de la culture, en valorisant les patrimoines territoriaux et les productions artisanales et artistiques de la communaut\u00e9 d\u2019agglo Brinon-Tannay-Corbigny.\u00a0<\/p><p>Ainsi l\u2019association, loi 1901 \u00ab\u00a0<strong>Les Sillons Culturels<\/strong>\u00a0\u00bb a \u00e9t\u00e9 cr\u00e9\u00e9 le 23 janvier 2025, avec plusieurs projets pour l\u2019ann\u00e9e en cours.<\/p>\t\t\t\t\t\t\t\t<\/div>\n\t\t\t\t<\/div>\n\t\t\t\t\t<\/div>\n\t\t\t\t<\/div>\n\t\t<div class=\"elementor-element elementor-element-7c2fa1f e-flex e-con-boxed wpr-particle-no wpr-jarallax-no wpr-parallax-no wpr-sticky-section-no e-con e-parent\" data-id=\"7c2fa1f\" data-element_type=\"container\">\n\t\t\t\t\t<div class=\"e-con-inner\">\n\t\t\t\t<div class=\"elementor-element elementor-element-72d7963 elementor-widget-divider--view-line elementor-widget elementor-widget-divider\" data-id=\"72d7963\" data-element_type=\"widget\" data-widget_type=\"divider.default\">\n\t\t\t\t<div class=\"elementor-widget-container\">\n\t\t\t\t\t\t\t<div class=\"elementor-divider\">\n\t\t\t<span class=\"elementor-divider-separator\">\n\t\t\t\t\t\t<\/span>\n\t\t<\/div>\n\t\t\t\t\t\t<\/div>\n\t\t\t\t<\/div>\n\t\t\t\t\t<\/div>\n\t\t\t\t<\/div>\n\t\t<div class=\"elementor-element elementor-element-87d6794 e-flex e-con-boxed wpr-particle-no wpr-jarallax-no wpr-parallax-no wpr-sticky-section-no e-con e-parent\" data-id=\"87d6794\" data-element_type=\"container\">\n\t\t\t\t\t<div class=\"e-con-inner\">\n\t\t\t\t<div class=\"elementor-element elementor-element-915cfef elementor-widget elementor-widget-heading\" data-id=\"915cfef\" data-element_type=\"widget\" data-widget_type=\"heading.default\">\n\t\t\t\t<div class=\"elementor-widget-container\">\n\t\t\t\t\t<h2 class=\"elementor-heading-title elementor-size-default\">Organisation<\/h2>\t\t\t\t<\/div>\n\t\t\t\t<\/div>\n\t\t\t\t\t<\/div>\n\t\t\t\t<\/div>\n\t\t<div class=\"elementor-element elementor-element-1ff5197 e-flex e-con-boxed wpr-particle-no wpr-jarallax-no wpr-parallax-no wpr-sticky-section-no e-con e-parent\" data-id=\"1ff5197\" data-element_type=\"container\">\n\t\t\t\t\t<div class=\"e-con-inner\">\n\t\t\t\t<div class=\"elementor-element elementor-element-406c53a elementor-widget__width-initial elementor-widget elementor-widget-text-editor\" data-id=\"406c53a\" data-element_type=\"widget\" data-widget_type=\"text-editor.default\">\n\t\t\t\t<div class=\"elementor-widget-container\">\n\t\t\t\t\t\t\t\t\t<ul><li><span style=\"color: #808000;\"><strong>assembl\u00e9e g\u00e9n\u00e9rale ordinaire<\/strong><\/span><\/li><\/ul><p>L\u2019assembl\u00e9e g\u00e9n\u00e9rale ordinaire se r\u00e9unit au moins une fois par an. Elle est compos\u00e9e des membres adh\u00e9rents de l\u2019association, \u00e0 jour de leur cotisation.<\/p><p>Ce sont eux qui \u00e9lisent le Conseil d\u2019Administration mais aussi valide la strat\u00e9gie d\u2019\u00e9volution de l\u2019association ainsi que les actions mises en place.<\/p><ul><li><span style=\"color: #808000;\"><strong>Conseil d\u2019Administration<\/strong><\/span><\/li><\/ul><p>Il est compos\u00e9 de maximum 12 membres \u00e9lues par l\u2019AGO parmi les adh\u00e9rents\/es. Le CA se r\u00e9unit au moins deux fois par an, \u00e0 la demande du Bureau ou d\u2019un tiers des membres du CA.<\/p><p>Le Conseil d\u2019Administration a pour r\u00f4le de d\u00e9finir et suivre la politique g\u00e9n\u00e9rale de l\u2019association<\/p><p>Le Bureau, \u00e9lu par le CA, intervient rapidement sur des questions de gestion quotidienne ou hebdomadaire.<\/p><ul><li><span style=\"color: #808000;\"><strong>Bureau <\/strong><\/span><\/li><\/ul><p>Le Bureau se r\u00e9unit autant que n\u00e9cessaire. Le Bureau, comprend au moins 3 membres et se compose au minimum d\u2019un\/e pr\u00e9sident\/e, d\u2019un\/e tr\u00e9sorier\/\u00e8re, d\u2019un\/e secr\u00e9taire, et \u00e9ventuellement suppl\u00e9ants\/es.<\/p><p>Les membres du Bureau sont \u00e9lus pour deux ans par le Conseil d\u2019administration<\/p>\t\t\t\t\t\t\t\t<\/div>\n\t\t\t\t<\/div>\n\t\t\t\t\t<\/div>\n\t\t\t\t<\/div>\n\t\t<div class=\"elementor-element elementor-element-75e644c e-flex e-con-boxed wpr-particle-no wpr-jarallax-no wpr-parallax-no wpr-sticky-section-no e-con e-parent\" data-id=\"75e644c\" data-element_type=\"container\">\n\t\t\t\t\t<div class=\"e-con-inner\">\n\t\t\t\t<div class=\"elementor-element elementor-element-6b7a50f elementor-widget-divider--view-line elementor-widget elementor-widget-divider\" data-id=\"6b7a50f\" data-element_type=\"widget\" data-widget_type=\"divider.default\">\n\t\t\t\t<div class=\"elementor-widget-container\">\n\t\t\t\t\t\t\t<div class=\"elementor-divider\">\n\t\t\t<span class=\"elementor-divider-separator\">\n\t\t\t\t\t\t<\/span>\n\t\t<\/div>\n\t\t\t\t\t\t<\/div>\n\t\t\t\t<\/div>\n\t\t\t\t\t<\/div>\n\t\t\t\t<\/div>\n\t\t<div class=\"elementor-element elementor-element-481f43f e-flex e-con-boxed wpr-particle-no wpr-jarallax-no wpr-parallax-no wpr-sticky-section-no e-con e-parent\" data-id=\"481f43f\" data-element_type=\"container\">\n\t\t\t\t\t<div class=\"e-con-inner\">\n\t\t\t\t<div class=\"elementor-element elementor-element-6c3c340 elementor-widget elementor-widget-heading\" data-id=\"6c3c340\" data-element_type=\"widget\" data-widget_type=\"heading.default\">\n\t\t\t\t<div class=\"elementor-widget-container\">\n\t\t\t\t\t<h2 class=\"elementor-heading-title elementor-size-default\">Objective et projet<\/h2>\t\t\t\t<\/div>\n\t\t\t\t<\/div>\n\t\t\t\t\t<\/div>\n\t\t\t\t<\/div>\n\t\t<div class=\"elementor-element elementor-element-22754da e-flex e-con-boxed wpr-particle-no wpr-jarallax-no wpr-parallax-no wpr-sticky-section-no e-con e-parent\" data-id=\"22754da\" data-element_type=\"container\">\n\t\t\t\t\t<div class=\"e-con-inner\">\n\t\t\t\t<div class=\"elementor-element elementor-element-14d7410 elementor-widget elementor-widget-text-editor\" data-id=\"14d7410\" data-element_type=\"widget\" data-widget_type=\"text-editor.default\">\n\t\t\t\t<div class=\"elementor-widget-container\">\n\t\t\t\t\t\t\t\t\t<p>L\u2019association a pour objet de favoriser les \u00e9changes culturels et le lien social, entre les habitants de Bussy-La-Pesle, les communes voisines et tout autre lieu o\u00f9 l&rsquo;association est susceptible d\u2019intervenir ; Produire et valoriser les activit\u00e9s artisanales, artistique et culturelle de territoire et promouvoir la mise en valeur du patrimoine du territoire.<\/p>\t\t\t\t\t\t\t\t<\/div>\n\t\t\t\t<\/div>\n\t\t\t\t\t<\/div>\n\t\t\t\t<\/div>\n\t\t<div class=\"elementor-element elementor-element-d14fe2f e-flex e-con-boxed wpr-particle-no wpr-jarallax-no wpr-parallax-no wpr-sticky-section-no e-con e-parent\" data-id=\"d14fe2f\" data-element_type=\"container\">\n\t\t\t\t\t<div class=\"e-con-inner\">\n\t\t\t\t<div class=\"elementor-element elementor-element-8fcb122 elementor-widget elementor-widget-heading\" data-id=\"8fcb122\" data-element_type=\"widget\" data-widget_type=\"heading.default\">\n\t\t\t\t<div class=\"elementor-widget-container\">\n\t\t\t\t\t<h2 class=\"elementor-heading-title elementor-size-default\">Adh\u00e9sion<\/h2>\t\t\t\t<\/div>\n\t\t\t\t<\/div>\n\t\t\t\t\t<\/div>\n\t\t\t\t<\/div>\n\t\t<div class=\"elementor-element elementor-element-c344c78 e-flex e-con-boxed wpr-particle-no wpr-jarallax-no wpr-parallax-no wpr-sticky-section-no e-con e-parent\" data-id=\"c344c78\" data-element_type=\"container\">\n\t\t\t\t\t<div class=\"e-con-inner\">\n\t\t\t\t<div class=\"elementor-element elementor-element-84b32d9 elementor-widget elementor-widget-text-editor\" data-id=\"84b32d9\" data-element_type=\"widget\" data-widget_type=\"text-editor.default\">\n\t\t\t\t<div class=\"elementor-widget-container\">\n\t\t\t\t\t\t\t\t\t<ul><li><span style=\"color: #993300;\"><strong>Pourquoi adh\u00e9rer ?<\/strong><\/span><ul><li>Soutenir les projets que nous mettons en place avec l\u2019objectif de\u00a0favoriser les \u00e9changes culturels et le lien social<\/li><li>Participer aux r\u00e9unions de travail pour l\u2019organisation des projets mais aussi la gestion du lieu \u00ab\u00a0bar en sc\u00e8ne\u00a0\u00bb<\/li><li>Faire partie de l\u2019\u00e9quipe de b\u00e9n\u00e9voles<\/li><li>Initier et suivre de nouveaux projets<\/li><\/ul><\/li><\/ul><p><span style=\"color: #993300;\"><strong>Comment adh\u00e9rer ?<\/strong><\/span><\/p><p>Envoyer une demande par contact@les-sillons-culturels.fr.<\/p>\t\t\t\t\t\t\t\t<\/div>\n\t\t\t\t<\/div>\n\t\t\t\t\t<\/div>\n\t\t\t\t<\/div>\n\t\t\t\t<\/div>\n\t\t","protected":false},"excerpt":{"rendered":"<p>Naissance Depuis plusieurs mois, nous, habitantes et habitants autour du village de Bussy la Pesle (Ni\u00e8vre) nous sommes r\u00e9unis avec l\u2019envie forte de faire \u00e9merger un mouvement culturel joyeux qui rassemble. Notre d\u00e9marche vise \u00e0 dynamiser notre territoire par le biais de la culture, en valorisant les patrimoines territoriaux et les productions artisanales et artistiques de la communaut\u00e9 d\u2019agglo Brinon-Tannay-Corbigny.\u00a0 Ainsi l\u2019association, loi 1901 \u00ab\u00a0Les Sillons Culturels\u00a0\u00bb a \u00e9t\u00e9 cr\u00e9\u00e9 le 23 janvier 2025, avec plusieurs projets pour l\u2019ann\u00e9e en cours. Organisation assembl\u00e9e g\u00e9n\u00e9rale ordinaire L\u2019assembl\u00e9e g\u00e9n\u00e9rale ordinaire se r\u00e9unit au moins une fois par an. Elle est compos\u00e9e des membres adh\u00e9rents de l\u2019association, \u00e0 jour de leur cotisation. Ce sont eux qui \u00e9lisent le Conseil d\u2019Administration mais aussi valide la strat\u00e9gie d\u2019\u00e9volution de l\u2019association ainsi que les actions mises en place. Conseil d\u2019Administration Il est compos\u00e9 de maximum 12 membres \u00e9lues par l\u2019AGO parmi les adh\u00e9rents\/es. Le CA se r\u00e9unit au moins deux fois par an, \u00e0 la demande du Bureau ou d\u2019un tiers des membres du CA. Le Conseil d\u2019Administration a pour r\u00f4le de d\u00e9finir et suivre la politique g\u00e9n\u00e9rale de l\u2019association Le Bureau, \u00e9lu par le CA, intervient rapidement sur des questions de gestion quotidienne ou hebdomadaire. Bureau Le Bureau se r\u00e9unit autant que n\u00e9cessaire. Le Bureau, comprend au moins 3 membres et se compose au minimum d\u2019un\/e pr\u00e9sident\/e, d\u2019un\/e tr\u00e9sorier\/\u00e8re, d\u2019un\/e secr\u00e9taire, et \u00e9ventuellement suppl\u00e9ants\/es. Les membres du Bureau sont \u00e9lus pour deux ans par le Conseil d\u2019administration Objective et projet L\u2019association a pour objet de favoriser les \u00e9changes culturels et le lien social, entre les habitants de Bussy-La-Pesle, les communes voisines et tout autre lieu o\u00f9 l&rsquo;association est susceptible d\u2019intervenir ; Produire et valoriser les activit\u00e9s artisanales, artistique et culturelle de territoire et promouvoir la mise en valeur du patrimoine du territoire. Adh\u00e9sion Pourquoi adh\u00e9rer ? Soutenir les projets que nous mettons en place avec l\u2019objectif de\u00a0favoriser les \u00e9changes culturels et le lien social Participer aux r\u00e9unions de travail pour l\u2019organisation des projets mais aussi la gestion du lieu \u00ab\u00a0bar en sc\u00e8ne\u00a0\u00bb Faire partie de l\u2019\u00e9quipe de b\u00e9n\u00e9voles Initier et suivre de nouveaux projets Comment adh\u00e9rer ? Envoyer une demande par contact@les-sillons-culturels.fr.<\/p>\n","protected":false},"author":1,"featured_media":0,"parent":0,"menu_order":0,"comment_status":"closed","ping_status":"closed","template":"elementor_header_footer","meta":{"ocean_post_layout":"","ocean_both_sidebars_style":"","ocean_both_sidebars_content_width":0,"ocean_both_sidebars_sidebars_width":0,"ocean_sidebar":"","ocean_second_sidebar":"","ocean_disable_margins":"enable","ocean_add_body_class":"","ocean_shortcode_before_top_bar":"","ocean_shortcode_after_top_bar":"","ocean_shortcode_before_header":"","ocean_shortcode_after_header":"","ocean_has_shortcode":"","ocean_shortcode_after_title":"","ocean_shortcode_before_footer_widgets":"","ocean_shortcode_after_footer_widgets":"","ocean_shortcode_before_footer_bottom":"","ocean_shortcode_after_footer_bottom":"","ocean_display_top_bar":"default","ocean_display_header":"default","ocean_header_style":"","ocean_center_header_left_menu":"","ocean_custom_header_template":"","ocean_custom_logo":0,"ocean_custom_retina_logo":0,"ocean_custom_logo_max_width":0,"ocean_custom_logo_tablet_max_width":0,"ocean_custom_logo_mobile_max_width":0,"ocean_custom_logo_max_height":0,"ocean_custom_logo_tablet_max_height":0,"ocean_custom_logo_mobile_max_height":0,"ocean_header_custom_menu":"","ocean_menu_typo_font_family":"","ocean_menu_typo_font_subset":"","ocean_menu_typo_font_size":0,"ocean_menu_typo_font_size_tablet":0,"ocean_menu_typo_font_size_mobile":0,"ocean_menu_typo_font_size_unit":"px","ocean_menu_typo_font_weight":"","ocean_menu_typo_font_weight_tablet":"","ocean_menu_typo_font_weight_mobile":"","ocean_menu_typo_transform":"","ocean_menu_typo_transform_tablet":"","ocean_menu_typo_transform_mobile":"","ocean_menu_typo_line_height":0,"ocean_menu_typo_line_height_tablet":0,"ocean_menu_typo_line_height_mobile":0,"ocean_menu_typo_line_height_unit":"","ocean_menu_typo_spacing":0,"ocean_menu_typo_spacing_tablet":0,"ocean_menu_typo_spacing_mobile":0,"ocean_menu_typo_spacing_unit":"","ocean_menu_link_color":"","ocean_menu_link_color_hover":"","ocean_menu_link_color_active":"","ocean_menu_link_background":"","ocean_menu_link_hover_background":"","ocean_menu_link_active_background":"","ocean_menu_social_links_bg":"","ocean_menu_social_hover_links_bg":"","ocean_menu_social_links_color":"","ocean_menu_social_hover_links_color":"","ocean_disable_title":"default","ocean_disable_heading":"default","ocean_post_title":"","ocean_post_subheading":"","ocean_post_title_style":"","ocean_post_title_background_color":"","ocean_post_title_background":0,"ocean_post_title_bg_image_position":"","ocean_post_title_bg_image_attachment":"","ocean_post_title_bg_image_repeat":"","ocean_post_title_bg_image_size":"","ocean_post_title_height":0,"ocean_post_title_bg_overlay":0.5,"ocean_post_title_bg_overlay_color":"","ocean_disable_breadcrumbs":"default","ocean_breadcrumbs_color":"","ocean_breadcrumbs_separator_color":"","ocean_breadcrumbs_links_color":"","ocean_breadcrumbs_links_hover_color":"","ocean_display_footer_widgets":"default","ocean_display_footer_bottom":"default","ocean_custom_footer_template":"","footnotes":""},"class_list":["post-419","page","type-page","status-publish","hentry","entry"],"_links":{"self":[{"href":"https:\/\/les-sillons-culturels.fr\/index.php?rest_route=\/wp\/v2\/pages\/419","targetHints":{"allow":["GET"]}}],"collection":[{"href":"https:\/\/les-sillons-culturels.fr\/index.php?rest_route=\/wp\/v2\/pages"}],"about":[{"href":"https:\/\/les-sillons-culturels.fr\/index.php?rest_route=\/wp\/v2\/types\/page"}],"author":[{"embeddable":true,"href":"https:\/\/les-sillons-culturels.fr\/index.php?rest_route=\/wp\/v2\/users\/1"}],"replies":[{"embeddable":true,"href":"https:\/\/les-sillons-culturels.fr\/index.php?rest_route=%2Fwp%2Fv2%2Fcomments&post=419"}],"version-history":[{"count":61,"href":"https:\/\/les-sillons-culturels.fr\/index.php?rest_route=\/wp\/v2\/pages\/419\/revisions"}],"predecessor-version":[{"id":1070,"href":"https:\/\/les-sillons-culturels.fr\/index.php?rest_route=\/wp\/v2\/pages\/419\/revisions\/1070"}],"wp:attachment":[{"href":"https:\/\/les-sillons-culturels.fr\/index.php?rest_route=%2Fwp%2Fv2%2Fmedia&parent=419"}],"curies":[{"name":"wp","href":"https:\/\/api.w.org\/{rel}","templated":true}]}}