{"id":609,"date":"2025-07-09T15:36:05","date_gmt":"2025-07-09T13:36:05","guid":{"rendered":"http:\/\/les-sillons-culturels.fr\/?page_id=609"},"modified":"2026-03-14T15:35:21","modified_gmt":"2026-03-14T14:35:21","slug":"deja-fait","status":"publish","type":"page","link":"https:\/\/les-sillons-culturels.fr\/?page_id=609","title":{"rendered":"D\u00e9j\u00e0 fait"},"content":{"rendered":"\t\t<div data-elementor-type=\"wp-page\" data-elementor-id=\"609\" class=\"elementor elementor-609\">\n\t\t\t\t<div class=\"elementor-element elementor-element-12a2736 e-flex e-con-boxed wpr-particle-no wpr-jarallax-no wpr-parallax-no wpr-sticky-section-no e-con e-parent\" data-id=\"12a2736\" data-element_type=\"container\">\n\t\t\t\t\t<div class=\"e-con-inner\">\n\t\t\t\t<div class=\"elementor-element elementor-element-5ad268c elementor-widget elementor-widget-heading\" data-id=\"5ad268c\" data-element_type=\"widget\" data-widget_type=\"heading.default\">\n\t\t\t\t<div class=\"elementor-widget-container\">\n\t\t\t\t\t<h2 class=\"elementor-heading-title elementor-size-default\">Bar en Sc\u00e8ne<\/h2>\t\t\t\t<\/div>\n\t\t\t\t<\/div>\n\t\t\t\t\t<\/div>\n\t\t\t\t<\/div>\n\t\t<div class=\"elementor-element elementor-element-4f2b771 e-flex e-con-boxed wpr-particle-no wpr-jarallax-no wpr-parallax-no wpr-sticky-section-no e-con e-parent\" data-id=\"4f2b771\" data-element_type=\"container\">\n\t\t\t\t\t<div class=\"e-con-inner\">\n\t\t\t\t<div class=\"elementor-element elementor-element-13c13b8 elementor-widget elementor-widget-text-editor\" data-id=\"13c13b8\" data-element_type=\"widget\" data-widget_type=\"text-editor.default\">\n\t\t\t\t<div class=\"elementor-widget-container\">\n\t\t\t\t\t\t\t\t\t<p><a href=\"https:\/\/les-sillons-culturels.fr\/?page_id=618\">8 mars 2025 &#8211; Sans Vergogne, aussi!<\/a><br \/><a href=\"http:\/\/les-sillons-culturels.fr\/?page_id=637\" target=\"_blank\" rel=\"noopener\">12 avril 2025\u00a0 &#8211;\u00a0TouRBiLLoN&rsquo;C\u00e9<\/a><br \/><a href=\"https:\/\/les-sillons-culturels.fr\/?page_id=742\" target=\"_blank\" rel=\"noopener\">10 mai 2025 &#8211; Aquarela<\/a><br \/><a href=\"https:\/\/les-sillons-culturels.fr\/?page_id=764\" target=\"_blank\" rel=\"noopener\">24 mai 2025 &#8211; Thomas Chamotte<\/a><br \/><a href=\"https:\/\/les-sillons-culturels.fr\/?page_id=775\" target=\"_blank\" rel=\"noopener\">14 juin 2025 &#8211; Primitive Chaos<\/a><br \/><a href=\"https:\/\/les-sillons-culturels.fr\/?page_id=798\" target=\"_blank\" rel=\"noopener\">12 juillet 2025 &#8211; Artiste Piano bar<\/a><br \/><a href=\"https:\/\/les-sillons-culturels.fr\/?page_id=1087\" target=\"_blank\" rel=\"noopener\">11 octobre 2025 &#8211; MIROIR JAZZ<\/a><br \/><a href=\"https:\/\/les-sillons-culturels.fr\/?page_id=1106\" target=\"_blank\" rel=\"noopener\">8 novembre 2025 &#8211; Marie P\u00e9trolett<\/a>e<br \/><a href=\"https:\/\/les-sillons-culturels.fr\/?page_id=1134\" target=\"_blank\" rel=\"noopener\">13 d\u00e9cembre 2025 &#8211; KAIRN<\/a><br \/><a href=\"https:\/\/les-sillons-culturels.fr\/?page_id=1220\" target=\"_blank\" rel=\"noopener\">10 janvier 2026 &#8211; Mal Saint<\/a><br \/><a href=\"https:\/\/les-sillons-culturels.fr\/?page_id=1265\" target=\"_blank\" rel=\"noopener\">14 f\u00e9vrier 2026 &#8211; Karaok\u00e9 d&rsquo;amour<\/a><br \/><a href=\"https:\/\/les-sillons-culturels.fr\/?page_id=1306\" target=\"_blank\" rel=\"noopener\">7 mars &#8211; Dan Dan<\/a><\/p>\t\t\t\t\t\t\t\t<\/div>\n\t\t\t\t<\/div>\n\t\t\t\t\t<\/div>\n\t\t\t\t<\/div>\n\t\t<div class=\"elementor-element elementor-element-deec0d0 e-flex e-con-boxed wpr-particle-no wpr-jarallax-no wpr-parallax-no wpr-sticky-section-no e-con e-parent\" data-id=\"deec0d0\" data-element_type=\"container\">\n\t\t\t\t\t<div class=\"e-con-inner\">\n\t\t\t\t<div class=\"elementor-element elementor-element-344c32a elementor-widget elementor-widget-heading\" data-id=\"344c32a\" data-element_type=\"widget\" data-widget_type=\"heading.default\">\n\t\t\t\t<div class=\"elementor-widget-container\">\n\t\t\t\t\t<h2 class=\"elementor-heading-title elementor-size-default\">Le Clocher Chantant<\/h2>\t\t\t\t<\/div>\n\t\t\t\t<\/div>\n\t\t\t\t\t<\/div>\n\t\t\t\t<\/div>\n\t\t<div class=\"elementor-element elementor-element-35fe77b e-flex e-con-boxed wpr-particle-no wpr-jarallax-no wpr-parallax-no wpr-sticky-section-no e-con e-parent\" data-id=\"35fe77b\" data-element_type=\"container\">\n\t\t\t\t\t<div class=\"e-con-inner\">\n\t\t\t\t<div class=\"elementor-element elementor-element-6a2ba50 elementor-widget elementor-widget-text-editor\" data-id=\"6a2ba50\" data-element_type=\"widget\" data-widget_type=\"text-editor.default\">\n\t\t\t\t<div class=\"elementor-widget-container\">\n\t\t\t\t\t\t\t\t\t<p><a href=\"https:\/\/les-sillons-culturels.fr\/?page_id=817\" target=\"_blank\" rel=\"noopener\">27 juin 2025 &#8211; Bussy La Pesle<\/a><br \/><a href=\"https:\/\/les-sillons-culturels.fr\/?page_id=843\" target=\"_blank\" rel=\"noopener\">28 juin 2025 &#8211; Montenoison<\/a><\/p>\t\t\t\t\t\t\t\t<\/div>\n\t\t\t\t<\/div>\n\t\t\t\t\t<\/div>\n\t\t\t\t<\/div>\n\t\t<div class=\"elementor-element elementor-element-16a2b79 e-flex e-con-boxed wpr-particle-no wpr-jarallax-no wpr-parallax-no wpr-sticky-section-no e-con e-parent\" data-id=\"16a2b79\" data-element_type=\"container\">\n\t\t\t\t\t<div class=\"e-con-inner\">\n\t\t\t\t<div class=\"elementor-element elementor-element-975c2bf elementor-widget elementor-widget-heading\" data-id=\"975c2bf\" data-element_type=\"widget\" data-widget_type=\"heading.default\">\n\t\t\t\t<div class=\"elementor-widget-container\">\n\t\t\t\t\t<h2 class=\"elementor-heading-title elementor-size-default\">R\u00e9union association<\/h2>\t\t\t\t<\/div>\n\t\t\t\t<\/div>\n\t\t\t\t\t<\/div>\n\t\t\t\t<\/div>\n\t\t<div class=\"elementor-element elementor-element-dd250da e-flex e-con-boxed wpr-particle-no wpr-jarallax-no wpr-parallax-no wpr-sticky-section-no e-con e-parent\" data-id=\"dd250da\" data-element_type=\"container\">\n\t\t\t\t\t<div class=\"e-con-inner\">\n\t\t\t\t<div class=\"elementor-element elementor-element-7ba5f39 elementor-widget elementor-widget-text-editor\" data-id=\"7ba5f39\" data-element_type=\"widget\" data-widget_type=\"text-editor.default\">\n\t\t\t\t<div class=\"elementor-widget-container\">\n\t\t\t\t\t\t\t\t\t<p><a href=\"https:\/\/les-sillons-culturels.fr\/?page_id=1022\" target=\"_blank\" rel=\"noopener\">13 septembre &#8211; rencontre adh\u00e9rents<\/a><\/p>\t\t\t\t\t\t\t\t<\/div>\n\t\t\t\t<\/div>\n\t\t\t\t\t<\/div>\n\t\t\t\t<\/div>\n\t\t\t\t<\/div>\n\t\t","protected":false},"excerpt":{"rendered":"<p>Bar en Sc\u00e8ne 8 mars 2025 &#8211; Sans Vergogne, aussi!12 avril 2025\u00a0 &#8211;\u00a0TouRBiLLoN&rsquo;C\u00e910 mai 2025 &#8211; Aquarela24 mai 2025 &#8211; Thomas Chamotte14 juin 2025 &#8211; Primitive Chaos12 juillet 2025 &#8211; Artiste Piano bar11 octobre 2025 &#8211; MIROIR JAZZ8 novembre 2025 &#8211; Marie P\u00e9trolette13 d\u00e9cembre 2025 &#8211; KAIRN10 janvier 2026 &#8211; Mal Saint14 f\u00e9vrier 2026 &#8211; Karaok\u00e9 d&rsquo;amour7 mars &#8211; Dan Dan Le Clocher Chantant 27 juin 2025 &#8211; Bussy La Pesle28 juin 2025 &#8211; Montenoison R\u00e9union association 13 septembre &#8211; rencontre adh\u00e9rents<\/p>\n","protected":false},"author":1,"featured_media":0,"parent":0,"menu_order":0,"comment_status":"closed","ping_status":"closed","template":"elementor_header_footer","meta":{"ocean_post_layout":"","ocean_both_sidebars_style":"","ocean_both_sidebars_content_width":0,"ocean_both_sidebars_sidebars_width":0,"ocean_sidebar":"","ocean_second_sidebar":"","ocean_disable_margins":"enable","ocean_add_body_class":"","ocean_shortcode_before_top_bar":"","ocean_shortcode_after_top_bar":"","ocean_shortcode_before_header":"","ocean_shortcode_after_header":"","ocean_has_shortcode":"","ocean_shortcode_after_title":"","ocean_shortcode_before_footer_widgets":"","ocean_shortcode_after_footer_widgets":"","ocean_shortcode_before_footer_bottom":"","ocean_shortcode_after_footer_bottom":"","ocean_display_top_bar":"default","ocean_display_header":"default","ocean_header_style":"","ocean_center_header_left_menu":"","ocean_custom_header_template":"","ocean_custom_logo":0,"ocean_custom_retina_logo":0,"ocean_custom_logo_max_width":0,"ocean_custom_logo_tablet_max_width":0,"ocean_custom_logo_mobile_max_width":0,"ocean_custom_logo_max_height":0,"ocean_custom_logo_tablet_max_height":0,"ocean_custom_logo_mobile_max_height":0,"ocean_header_custom_menu":"","ocean_menu_typo_font_family":"","ocean_menu_typo_font_subset":"","ocean_menu_typo_font_size":0,"ocean_menu_typo_font_size_tablet":0,"ocean_menu_typo_font_size_mobile":0,"ocean_menu_typo_font_size_unit":"px","ocean_menu_typo_font_weight":"","ocean_menu_typo_font_weight_tablet":"","ocean_menu_typo_font_weight_mobile":"","ocean_menu_typo_transform":"","ocean_menu_typo_transform_tablet":"","ocean_menu_typo_transform_mobile":"","ocean_menu_typo_line_height":0,"ocean_menu_typo_line_height_tablet":0,"ocean_menu_typo_line_height_mobile":0,"ocean_menu_typo_line_height_unit":"","ocean_menu_typo_spacing":0,"ocean_menu_typo_spacing_tablet":0,"ocean_menu_typo_spacing_mobile":0,"ocean_menu_typo_spacing_unit":"","ocean_menu_link_color":"","ocean_menu_link_color_hover":"","ocean_menu_link_color_active":"","ocean_menu_link_background":"","ocean_menu_link_hover_background":"","ocean_menu_link_active_background":"","ocean_menu_social_links_bg":"","ocean_menu_social_hover_links_bg":"","ocean_menu_social_links_color":"","ocean_menu_social_hover_links_color":"","ocean_disable_title":"default","ocean_disable_heading":"default","ocean_post_title":"","ocean_post_subheading":"","ocean_post_title_style":"","ocean_post_title_background_color":"","ocean_post_title_background":0,"ocean_post_title_bg_image_position":"","ocean_post_title_bg_image_attachment":"","ocean_post_title_bg_image_repeat":"","ocean_post_title_bg_image_size":"","ocean_post_title_height":0,"ocean_post_title_bg_overlay":0.5,"ocean_post_title_bg_overlay_color":"","ocean_disable_breadcrumbs":"default","ocean_breadcrumbs_color":"","ocean_breadcrumbs_separator_color":"","ocean_breadcrumbs_links_color":"","ocean_breadcrumbs_links_hover_color":"","ocean_display_footer_widgets":"default","ocean_display_footer_bottom":"default","ocean_custom_footer_template":"","footnotes":""},"class_list":["post-609","page","type-page","status-publish","hentry","entry"],"_links":{"self":[{"href":"https:\/\/les-sillons-culturels.fr\/index.php?rest_route=\/wp\/v2\/pages\/609","targetHints":{"allow":["GET"]}}],"collection":[{"href":"https:\/\/les-sillons-culturels.fr\/index.php?rest_route=\/wp\/v2\/pages"}],"about":[{"href":"https:\/\/les-sillons-culturels.fr\/index.php?rest_route=\/wp\/v2\/types\/page"}],"author":[{"embeddable":true,"href":"https:\/\/les-sillons-culturels.fr\/index.php?rest_route=\/wp\/v2\/users\/1"}],"replies":[{"embeddable":true,"href":"https:\/\/les-sillons-culturels.fr\/index.php?rest_route=%2Fwp%2Fv2%2Fcomments&post=609"}],"version-history":[{"count":79,"href":"https:\/\/les-sillons-culturels.fr\/index.php?rest_route=\/wp\/v2\/pages\/609\/revisions"}],"predecessor-version":[{"id":1319,"href":"https:\/\/les-sillons-culturels.fr\/index.php?rest_route=\/wp\/v2\/pages\/609\/revisions\/1319"}],"wp:attachment":[{"href":"https:\/\/les-sillons-culturels.fr\/index.php?rest_route=%2Fwp%2Fv2%2Fmedia&parent=609"}],"curies":[{"name":"wp","href":"https:\/\/api.w.org\/{rel}","templated":true}]}}