{"id":618,"date":"2025-07-09T19:50:34","date_gmt":"2025-07-09T17:50:34","guid":{"rendered":"http:\/\/les-sillons-culturels.fr\/?page_id=618"},"modified":"2025-09-01T16:15:13","modified_gmt":"2025-09-01T14:15:13","slug":"8-mars-2025-sans-vergogne-aussi","status":"publish","type":"page","link":"https:\/\/les-sillons-culturels.fr\/?page_id=618","title":{"rendered":"8 mars 2025 &#8211; Sans Vergogne, aussi!"},"content":{"rendered":"\t\t<div data-elementor-type=\"wp-page\" data-elementor-id=\"618\" class=\"elementor elementor-618\">\n\t\t\t\t<div class=\"elementor-element elementor-element-b14b834 e-flex e-con-boxed wpr-particle-no wpr-jarallax-no wpr-parallax-no wpr-sticky-section-no e-con e-parent\" data-id=\"b14b834\" data-element_type=\"container\">\n\t\t\t\t\t<div class=\"e-con-inner\">\n\t\t\t\t<div class=\"elementor-element elementor-element-e43172f elementor-widget elementor-widget-text-editor\" data-id=\"e43172f\" data-element_type=\"widget\" data-widget_type=\"text-editor.default\">\n\t\t\t\t<div class=\"elementor-widget-container\">\n\t\t\t\t\t\t\t\t\t<p>Bravo et bravo&#8230;<\/p><p>Premiere Bar en Sc\u00e8n \u00e0 ete tres bien accuiel par le public. Le public n&rsquo;a pas arr\u00eater d&rsquo;applaudis. Sans Vergogne, aussi ont donn\u00e9e une prestation chaleureux avec beaucoup d&rsquo;\u00e9motions.\u00a0<\/p><p>80 personnes sont venus pour appr\u00e9cier le groupe qui chanter les chansons des chanteurs Fran\u00e7aises comme Brel, Moustaki, etc.<\/p>\t\t\t\t\t\t\t\t<\/div>\n\t\t\t\t<\/div>\n\t\t\t\t\t<\/div>\n\t\t\t\t<\/div>\n\t\t<div class=\"elementor-element elementor-element-e455b40 e-grid e-con-full wpr-particle-no wpr-jarallax-no wpr-parallax-no wpr-sticky-section-no e-con e-parent\" data-id=\"e455b40\" data-element_type=\"container\">\n\t\t\t\t<div class=\"elementor-element elementor-element-90fe8f6 elementor-widget elementor-widget-image\" data-id=\"90fe8f6\" data-element_type=\"widget\" data-widget_type=\"image.default\">\n\t\t\t\t<div class=\"elementor-widget-container\">\n\t\t\t\t\t\t\t\t\t\t\t\t\t\t\t<img fetchpriority=\"high\" decoding=\"async\" width=\"1024\" height=\"768\" src=\"https:\/\/les-sillons-culturels.fr\/wp-content\/uploads\/484069572_122117147036753905_6519109572467841093_n.jpg\" class=\"attachment-large size-large wp-image-688\" alt=\"\" srcset=\"https:\/\/les-sillons-culturels.fr\/wp-content\/uploads\/484069572_122117147036753905_6519109572467841093_n.jpg 1024w, https:\/\/les-sillons-culturels.fr\/wp-content\/uploads\/484069572_122117147036753905_6519109572467841093_n-300x225.jpg 300w, https:\/\/les-sillons-culturels.fr\/wp-content\/uploads\/484069572_122117147036753905_6519109572467841093_n-768x576.jpg 768w\" sizes=\"(max-width: 1024px) 100vw, 1024px\" \/>\t\t\t\t\t\t\t\t\t\t\t\t\t\t\t<\/div>\n\t\t\t\t<\/div>\n\t\t\t\t<div class=\"elementor-element elementor-element-bbaac71 elementor-widget elementor-widget-image\" data-id=\"bbaac71\" data-element_type=\"widget\" data-widget_type=\"image.default\">\n\t\t\t\t<div class=\"elementor-widget-container\">\n\t\t\t\t\t\t\t\t\t\t\t\t\t\t\t<img decoding=\"async\" width=\"1024\" height=\"768\" src=\"https:\/\/les-sillons-culturels.fr\/wp-content\/uploads\/478653796_122117157524753905_3098282635979233570_n-1024x768.jpg\" class=\"attachment-large size-large wp-image-687\" alt=\"\" srcset=\"https:\/\/les-sillons-culturels.fr\/wp-content\/uploads\/478653796_122117157524753905_3098282635979233570_n-1024x768.jpg 1024w, https:\/\/les-sillons-culturels.fr\/wp-content\/uploads\/478653796_122117157524753905_3098282635979233570_n-300x225.jpg 300w, https:\/\/les-sillons-culturels.fr\/wp-content\/uploads\/478653796_122117157524753905_3098282635979233570_n-768x576.jpg 768w, https:\/\/les-sillons-culturels.fr\/wp-content\/uploads\/478653796_122117157524753905_3098282635979233570_n-1536x1152.jpg 1536w, https:\/\/les-sillons-culturels.fr\/wp-content\/uploads\/478653796_122117157524753905_3098282635979233570_n.jpg 2000w\" sizes=\"(max-width: 1024px) 100vw, 1024px\" \/>\t\t\t\t\t\t\t\t\t\t\t\t\t\t\t<\/div>\n\t\t\t\t<\/div>\n\t\t\t\t<div class=\"elementor-element elementor-element-bdb952d elementor-widget elementor-widget-image\" data-id=\"bdb952d\" data-element_type=\"widget\" data-widget_type=\"image.default\">\n\t\t\t\t<div class=\"elementor-widget-container\">\n\t\t\t\t\t\t\t\t\t\t\t\t\t\t\t<img decoding=\"async\" width=\"1024\" height=\"768\" src=\"https:\/\/les-sillons-culturels.fr\/wp-content\/uploads\/478258617_122117157350753905_4952541315402152032_n-1024x768.jpg\" class=\"attachment-large size-large wp-image-686\" alt=\"\" srcset=\"https:\/\/les-sillons-culturels.fr\/wp-content\/uploads\/478258617_122117157350753905_4952541315402152032_n-1024x768.jpg 1024w, https:\/\/les-sillons-culturels.fr\/wp-content\/uploads\/478258617_122117157350753905_4952541315402152032_n-300x225.jpg 300w, https:\/\/les-sillons-culturels.fr\/wp-content\/uploads\/478258617_122117157350753905_4952541315402152032_n-768x576.jpg 768w, https:\/\/les-sillons-culturels.fr\/wp-content\/uploads\/478258617_122117157350753905_4952541315402152032_n-1536x1152.jpg 1536w, https:\/\/les-sillons-culturels.fr\/wp-content\/uploads\/478258617_122117157350753905_4952541315402152032_n.jpg 2000w\" sizes=\"(max-width: 1024px) 100vw, 1024px\" \/>\t\t\t\t\t\t\t\t\t\t\t\t\t\t\t<\/div>\n\t\t\t\t<\/div>\n\t\t\t\t<div class=\"elementor-element elementor-element-ba2c8f7 elementor-widget elementor-widget-image\" data-id=\"ba2c8f7\" data-element_type=\"widget\" data-widget_type=\"image.default\">\n\t\t\t\t<div class=\"elementor-widget-container\">\n\t\t\t\t\t\t\t\t\t\t\t\t\t\t\t<img loading=\"lazy\" decoding=\"async\" width=\"1024\" height=\"768\" src=\"https:\/\/les-sillons-culturels.fr\/wp-content\/uploads\/477034631_122117147174753905_6829689747924334970_n-1024x768.jpg\" class=\"attachment-large size-large wp-image-685\" alt=\"\" srcset=\"https:\/\/les-sillons-culturels.fr\/wp-content\/uploads\/477034631_122117147174753905_6829689747924334970_n-1024x768.jpg 1024w, https:\/\/les-sillons-culturels.fr\/wp-content\/uploads\/477034631_122117147174753905_6829689747924334970_n-300x225.jpg 300w, https:\/\/les-sillons-culturels.fr\/wp-content\/uploads\/477034631_122117147174753905_6829689747924334970_n-768x576.jpg 768w, https:\/\/les-sillons-culturels.fr\/wp-content\/uploads\/477034631_122117147174753905_6829689747924334970_n-1536x1152.jpg 1536w, https:\/\/les-sillons-culturels.fr\/wp-content\/uploads\/477034631_122117147174753905_6829689747924334970_n.jpg 2048w\" sizes=\"(max-width: 1024px) 100vw, 1024px\" \/>\t\t\t\t\t\t\t\t\t\t\t\t\t\t\t<\/div>\n\t\t\t\t<\/div>\n\t\t\t\t<div class=\"elementor-element elementor-element-43876e3 elementor-widget elementor-widget-image\" data-id=\"43876e3\" data-element_type=\"widget\" data-widget_type=\"image.default\">\n\t\t\t\t<div class=\"elementor-widget-container\">\n\t\t\t\t\t\t\t\t\t\t\t\t\t\t\t<img loading=\"lazy\" decoding=\"async\" width=\"1024\" height=\"768\" src=\"https:\/\/les-sillons-culturels.fr\/wp-content\/uploads\/475508871_122117157470753905_5565488497114478810_n-1024x768.jpg\" class=\"attachment-large size-large wp-image-682\" alt=\"\" srcset=\"https:\/\/les-sillons-culturels.fr\/wp-content\/uploads\/475508871_122117157470753905_5565488497114478810_n-1024x768.jpg 1024w, https:\/\/les-sillons-culturels.fr\/wp-content\/uploads\/475508871_122117157470753905_5565488497114478810_n-300x225.jpg 300w, https:\/\/les-sillons-culturels.fr\/wp-content\/uploads\/475508871_122117157470753905_5565488497114478810_n-768x576.jpg 768w, https:\/\/les-sillons-culturels.fr\/wp-content\/uploads\/475508871_122117157470753905_5565488497114478810_n-1536x1152.jpg 1536w, https:\/\/les-sillons-culturels.fr\/wp-content\/uploads\/475508871_122117157470753905_5565488497114478810_n.jpg 2048w\" sizes=\"(max-width: 1024px) 100vw, 1024px\" \/>\t\t\t\t\t\t\t\t\t\t\t\t\t\t\t<\/div>\n\t\t\t\t<\/div>\n\t\t\t\t<div class=\"elementor-element elementor-element-153e823 elementor-widget elementor-widget-image\" data-id=\"153e823\" data-element_type=\"widget\" data-widget_type=\"image.default\">\n\t\t\t\t<div class=\"elementor-widget-container\">\n\t\t\t\t\t\t\t\t\t\t\t\t\t\t\t<img loading=\"lazy\" decoding=\"async\" width=\"1024\" height=\"768\" src=\"https:\/\/les-sillons-culturels.fr\/wp-content\/uploads\/IMG20250308212847-1024x768.png\" class=\"attachment-large size-large wp-image-684\" alt=\"\" srcset=\"https:\/\/les-sillons-culturels.fr\/wp-content\/uploads\/IMG20250308212847-1024x768.png 1024w, https:\/\/les-sillons-culturels.fr\/wp-content\/uploads\/IMG20250308212847-300x225.png 300w, https:\/\/les-sillons-culturels.fr\/wp-content\/uploads\/IMG20250308212847-768x576.png 768w, https:\/\/les-sillons-culturels.fr\/wp-content\/uploads\/IMG20250308212847.png 1280w\" sizes=\"(max-width: 1024px) 100vw, 1024px\" \/>\t\t\t\t\t\t\t\t\t\t\t\t\t\t\t<\/div>\n\t\t\t\t<\/div>\n\t\t\t\t<div class=\"elementor-element elementor-element-5820f3f elementor-widget elementor-widget-image\" data-id=\"5820f3f\" data-element_type=\"widget\" data-widget_type=\"image.default\">\n\t\t\t\t<div class=\"elementor-widget-container\">\n\t\t\t\t\t\t\t\t\t\t\t\t\t\t\t<img loading=\"lazy\" decoding=\"async\" width=\"225\" height=\"300\" src=\"https:\/\/les-sillons-culturels.fr\/wp-content\/uploads\/IMG20250308212836-225x300.png\" class=\"attachment-medium size-medium wp-image-683\" alt=\"\" srcset=\"https:\/\/les-sillons-culturels.fr\/wp-content\/uploads\/IMG20250308212836-225x300.png 225w, https:\/\/les-sillons-culturels.fr\/wp-content\/uploads\/IMG20250308212836-768x1024.png 768w, https:\/\/les-sillons-culturels.fr\/wp-content\/uploads\/IMG20250308212836.png 960w\" sizes=\"(max-width: 225px) 100vw, 225px\" \/>\t\t\t\t\t\t\t\t\t\t\t\t\t\t\t<\/div>\n\t\t\t\t<\/div>\n\t\t\t\t<div class=\"elementor-element elementor-element-6c5d5be elementor-widget elementor-widget-image\" data-id=\"6c5d5be\" data-element_type=\"widget\" data-widget_type=\"image.default\">\n\t\t\t\t<div class=\"elementor-widget-container\">\n\t\t\t\t\t\t\t\t\t\t\t\t\t\t\t<img loading=\"lazy\" decoding=\"async\" width=\"212\" height=\"300\" src=\"https:\/\/les-sillons-culturels.fr\/wp-content\/uploads\/Les-Sillons_culturels_evenement_8_mars-212x300.jpeg\" class=\"attachment-medium size-medium wp-image-474\" alt=\"\" srcset=\"https:\/\/les-sillons-culturels.fr\/wp-content\/uploads\/Les-Sillons_culturels_evenement_8_mars-212x300.jpeg 212w, https:\/\/les-sillons-culturels.fr\/wp-content\/uploads\/Les-Sillons_culturels_evenement_8_mars-724x1024.jpeg 724w, https:\/\/les-sillons-culturels.fr\/wp-content\/uploads\/Les-Sillons_culturels_evenement_8_mars-768x1086.jpeg 768w, https:\/\/les-sillons-culturels.fr\/wp-content\/uploads\/Les-Sillons_culturels_evenement_8_mars-1086x1536.jpeg 1086w, https:\/\/les-sillons-culturels.fr\/wp-content\/uploads\/Les-Sillons_culturels_evenement_8_mars.jpeg 1190w\" sizes=\"(max-width: 212px) 100vw, 212px\" \/>\t\t\t\t\t\t\t\t\t\t\t\t\t\t\t<\/div>\n\t\t\t\t<\/div>\n\t\t\t\t<\/div>\n\t\t\t\t<\/div>\n\t\t","protected":false},"excerpt":{"rendered":"<p>Bravo et bravo&#8230; Premiere Bar en Sc\u00e8n \u00e0 ete tres bien accuiel par le public. Le public n&rsquo;a pas arr\u00eater d&rsquo;applaudis. Sans Vergogne, aussi ont donn\u00e9e une prestation chaleureux avec beaucoup d&rsquo;\u00e9motions.\u00a0 80 personnes sont venus pour appr\u00e9cier le groupe qui chanter les chansons des chanteurs Fran\u00e7aises comme Brel, Moustaki, etc.<\/p>\n","protected":false},"author":1,"featured_media":0,"parent":0,"menu_order":0,"comment_status":"closed","ping_status":"closed","template":"elementor_header_footer","meta":{"ocean_post_layout":"","ocean_both_sidebars_style":"","ocean_both_sidebars_content_width":0,"ocean_both_sidebars_sidebars_width":0,"ocean_sidebar":"","ocean_second_sidebar":"","ocean_disable_margins":"enable","ocean_add_body_class":"","ocean_shortcode_before_top_bar":"","ocean_shortcode_after_top_bar":"","ocean_shortcode_before_header":"","ocean_shortcode_after_header":"","ocean_has_shortcode":"","ocean_shortcode_after_title":"","ocean_shortcode_before_footer_widgets":"","ocean_shortcode_after_footer_widgets":"","ocean_shortcode_before_footer_bottom":"","ocean_shortcode_after_footer_bottom":"","ocean_display_top_bar":"default","ocean_display_header":"default","ocean_header_style":"","ocean_center_header_left_menu":"","ocean_custom_header_template":"","ocean_custom_logo":0,"ocean_custom_retina_logo":0,"ocean_custom_logo_max_width":0,"ocean_custom_logo_tablet_max_width":0,"ocean_custom_logo_mobile_max_width":0,"ocean_custom_logo_max_height":0,"ocean_custom_logo_tablet_max_height":0,"ocean_custom_logo_mobile_max_height":0,"ocean_header_custom_menu":"","ocean_menu_typo_font_family":"","ocean_menu_typo_font_subset":"","ocean_menu_typo_font_size":0,"ocean_menu_typo_font_size_tablet":0,"ocean_menu_typo_font_size_mobile":0,"ocean_menu_typo_font_size_unit":"px","ocean_menu_typo_font_weight":"","ocean_menu_typo_font_weight_tablet":"","ocean_menu_typo_font_weight_mobile":"","ocean_menu_typo_transform":"","ocean_menu_typo_transform_tablet":"","ocean_menu_typo_transform_mobile":"","ocean_menu_typo_line_height":0,"ocean_menu_typo_line_height_tablet":0,"ocean_menu_typo_line_height_mobile":0,"ocean_menu_typo_line_height_unit":"","ocean_menu_typo_spacing":0,"ocean_menu_typo_spacing_tablet":0,"ocean_menu_typo_spacing_mobile":0,"ocean_menu_typo_spacing_unit":"","ocean_menu_link_color":"","ocean_menu_link_color_hover":"","ocean_menu_link_color_active":"","ocean_menu_link_background":"","ocean_menu_link_hover_background":"","ocean_menu_link_active_background":"","ocean_menu_social_links_bg":"","ocean_menu_social_hover_links_bg":"","ocean_menu_social_links_color":"","ocean_menu_social_hover_links_color":"","ocean_disable_title":"default","ocean_disable_heading":"default","ocean_post_title":"","ocean_post_subheading":"","ocean_post_title_style":"","ocean_post_title_background_color":"","ocean_post_title_background":0,"ocean_post_title_bg_image_position":"","ocean_post_title_bg_image_attachment":"","ocean_post_title_bg_image_repeat":"","ocean_post_title_bg_image_size":"","ocean_post_title_height":0,"ocean_post_title_bg_overlay":0.5,"ocean_post_title_bg_overlay_color":"","ocean_disable_breadcrumbs":"default","ocean_breadcrumbs_color":"","ocean_breadcrumbs_separator_color":"","ocean_breadcrumbs_links_color":"","ocean_breadcrumbs_links_hover_color":"","ocean_display_footer_widgets":"default","ocean_display_footer_bottom":"default","ocean_custom_footer_template":"","footnotes":""},"class_list":["post-618","page","type-page","status-publish","hentry","entry"],"_links":{"self":[{"href":"https:\/\/les-sillons-culturels.fr\/index.php?rest_route=\/wp\/v2\/pages\/618","targetHints":{"allow":["GET"]}}],"collection":[{"href":"https:\/\/les-sillons-culturels.fr\/index.php?rest_route=\/wp\/v2\/pages"}],"about":[{"href":"https:\/\/les-sillons-culturels.fr\/index.php?rest_route=\/wp\/v2\/types\/page"}],"author":[{"embeddable":true,"href":"https:\/\/les-sillons-culturels.fr\/index.php?rest_route=\/wp\/v2\/users\/1"}],"replies":[{"embeddable":true,"href":"https:\/\/les-sillons-culturels.fr\/index.php?rest_route=%2Fwp%2Fv2%2Fcomments&post=618"}],"version-history":[{"count":22,"href":"https:\/\/les-sillons-culturels.fr\/index.php?rest_route=\/wp\/v2\/pages\/618\/revisions"}],"predecessor-version":[{"id":730,"href":"https:\/\/les-sillons-culturels.fr\/index.php?rest_route=\/wp\/v2\/pages\/618\/revisions\/730"}],"wp:attachment":[{"href":"https:\/\/les-sillons-culturels.fr\/index.php?rest_route=%2Fwp%2Fv2%2Fmedia&parent=618"}],"curies":[{"name":"wp","href":"https:\/\/api.w.org\/{rel}","templated":true}]}}